{"id":6,"date":"2010-04-08T13:53:02","date_gmt":"2010-04-08T13:53:02","guid":{"rendered":"http:\/\/www.jovenesinconformistas.org\/?page_id=2"},"modified":"2025-09-13T18:53:36","modified_gmt":"2025-09-13T16:53:36","slug":"acerca-de","status":"publish","type":"page","link":"https:\/\/www.jovenesinconformistas.org\/?page_id=6","title":{"rendered":"\u00bfQui\u00e9nes somos?"},"content":{"rendered":"<p><a href=\"http:\/\/www.jovenesinconformistas.org\/wp-content\/uploads\/2015\/01\/logo-web.jpg\"><img loading=\"lazy\" decoding=\"async\" class=\"alignleft  wp-image-1072\" src=\"http:\/\/www.jovenesinconformistas.org\/wp-content\/uploads\/2015\/01\/logo-web.jpg\" alt=\"logo web\" width=\"133\" height=\"133\" srcset=\"https:\/\/www.jovenesinconformistas.org\/wp-content\/uploads\/2015\/01\/logo-web.jpg 915w, https:\/\/www.jovenesinconformistas.org\/wp-content\/uploads\/2015\/01\/logo-web-150x150.jpg 150w, https:\/\/www.jovenesinconformistas.org\/wp-content\/uploads\/2015\/01\/logo-web-300x300.jpg 300w\" sizes=\"auto, (max-width: 133px) 100vw, 133px\" \/><\/a>\u201cJ\u00f3venes Inconformistas\u201d somos una organizaci\u00f3n formada por\u00a0 jovenes principalmente, preocupados por el futuro poco esperanzador que nos espera y como no, por el presente que ya estamos sufriendo.<\/p>\n<p>Un presente marcado por la crisis, sin posibilidad de encontrar un trabajo decente y estable, en el que tener una casa y poder formar una familia es un lujo que solo algunos se pueden permitir. Y cuando se tiene casa, no te pertenece, es de la Banca hasta que acabes de pagar la hipoteca con 70 a\u00f1os.<\/p>\n<p>Y el futuro\u2026 como el presente pero a\u00fan peor. Un futuro con millones y millones de parados y muchos m\u00e1s de pobres, en el que no reconoceremos Espa\u00f1a(si sigue llam\u00e1ndose as\u00ed\u2026), sin espa\u00f1oles y sin Identidad nacional.<\/p>\n<p>El presente ya nos toca sufrirlo, pero en nuestras manos est\u00e1 luchar por cambiar, y tener un futuro mas esperanzador.<\/p>\n<p>Nosotros, \u201cJ\u00f3venes Inconformistas\u201d, los j\u00f3venes que no se conforman con lo que sucede, hemos nacido para luchar por nuestra ciudad, Salamanca, y por nuestra naci\u00f3n, Espa\u00f1a, y para alzar nuestra voz y concienciar a la gente de los problemas que los j\u00f3venes y no tan j\u00f3venes padecemos.<\/p>\n<p>Ahora te toca a ti elegir\u2026 Puedes quedarte en el sof\u00e1 viendo la tele y crey\u00e9ndo que todo est\u00e1 bien y rendirte ante una realidad que acabar\u00e1 enguy\u00e9ndote\u2026 o puedes unirte a nosotros y luchar por todo aquello que merece la pena.<br \/>\nPor lo menos nadie podr\u00e1 decirnos que nos conformamos con lo que ten\u00edamos\u2026<\/p>\n<p><a href=\"http:\/\/www.jovenesinconformistas.org\/wp-content\/uploads\/100Espa\u00f1oles1.jpg\"><br \/>\n<\/a><\/p>\n<p style=\"text-align: center;\">\n","protected":false},"excerpt":{"rendered":"<p>\u201cJ\u00f3venes Inconformistas\u201d somos una organizaci\u00f3n formada por\u00a0 jovenes principalmente, preocupados por el futuro poco esperanzador que nos espera y como no, por el presente que ya estamos sufriendo. Un presente marcado por la crisis, sin posibilidad de encontrar un trabajo decente y estable, en el que tener una casa y \u2026 <a href=\"https:\/\/www.jovenesinconformistas.org\/?page_id=6\">Contin\u00faa leyendo <span class=\"meta-nav\">&rarr; <\/span><\/a><\/p>\n","protected":false},"author":1,"featured_media":0,"parent":0,"menu_order":0,"comment_status":"open","ping_status":"open","template":"","meta":{"_monsterinsights_skip_tracking":false,"_monsterinsights_sitenote_active":false,"_monsterinsights_sitenote_note":"","_monsterinsights_sitenote_category":0,"footnotes":""},"class_list":["post-6","page","type-page","status-publish","hentry"],"aioseo_notices":[],"_links":{"self":[{"href":"https:\/\/www.jovenesinconformistas.org\/index.php?rest_route=\/wp\/v2\/pages\/6","targetHints":{"allow":["GET"]}}],"collection":[{"href":"https:\/\/www.jovenesinconformistas.org\/index.php?rest_route=\/wp\/v2\/pages"}],"about":[{"href":"https:\/\/www.jovenesinconformistas.org\/index.php?rest_route=\/wp\/v2\/types\/page"}],"author":[{"embeddable":true,"href":"https:\/\/www.jovenesinconformistas.org\/index.php?rest_route=\/wp\/v2\/users\/1"}],"replies":[{"embeddable":true,"href":"https:\/\/www.jovenesinconformistas.org\/index.php?rest_route=%2Fwp%2Fv2%2Fcomments&post=6"}],"version-history":[{"count":1,"href":"https:\/\/www.jovenesinconformistas.org\/index.php?rest_route=\/wp\/v2\/pages\/6\/revisions"}],"predecessor-version":[{"id":1076,"href":"https:\/\/www.jovenesinconformistas.org\/index.php?rest_route=\/wp\/v2\/pages\/6\/revisions\/1076"}],"wp:attachment":[{"href":"https:\/\/www.jovenesinconformistas.org\/index.php?rest_route=%2Fwp%2Fv2%2Fmedia&parent=6"}],"curies":[{"name":"wp","href":"https:\/\/api.w.org\/{rel}","templated":true}]}}