{"id":12,"date":"2010-04-14T12:44:37","date_gmt":"2010-04-14T12:44:37","guid":{"rendered":"http:\/\/www.jovenesinconformistas.org\/?page_id=12"},"modified":"2010-04-14T12:44:37","modified_gmt":"2010-04-14T12:44:37","slug":"campanas","status":"publish","type":"page","link":"http:\/\/www.jovenesinconformistas.org\/?page_id=12","title":{"rendered":"CAMPA\u00d1AS"},"content":{"rendered":"<p>Aqu\u00ed puedes ver algunas de nuestras im\u00e1genes, tanto de campa\u00f1as realizadas en la calle como virtuales.<\/p>\n<p><a href=\"http:\/\/www.jovenesinconformistas.org\/wp-content\/uploads\/100Espa\u00f1oles1.jpg\"><img loading=\"lazy\" decoding=\"async\" class=\"aligncenter size-full wp-image-59\" title=\"100Espa\u00f1oles\" src=\"http:\/\/www.jovenesinconformistas.org\/wp-content\/uploads\/100Espa\u00f1oles1.jpg\" alt=\"\" width=\"630\" height=\"280\" \/><\/a><\/p>\n<p><a href=\"http:\/\/www.jovenesinconformistas.org\/wp-content\/uploads\/levantante-y-lucha.jpg\"><img loading=\"lazy\" decoding=\"async\" class=\"aligncenter size-full  wp-image-60\" title=\"levantante y lucha\" src=\"http:\/\/www.jovenesinconformistas.org\/wp-content\/uploads\/levantante-y-lucha.jpg\" alt=\"\" width=\"628\" height=\"279\" \/><\/a><\/p>\n<p><a href=\"http:\/\/www.jovenesinconformistas.org\/wp-content\/uploads\/levantante-y-lucha.jpg\"><\/a><a href=\"http:\/\/www.jovenesinconformistas.org\/wp-content\/uploads\/PegatinaCarrillo2-copia.jpg\"><img loading=\"lazy\" decoding=\"async\" class=\"aligncenter size-full wp-image-85\" title=\"PegatinaCarrillo2 copia\" src=\"http:\/\/www.jovenesinconformistas.org\/wp-content\/uploads\/PegatinaCarrillo2-copia.jpg\" alt=\"\" width=\"379\" height=\"379\" \/><\/a><\/p>\n","protected":false},"excerpt":{"rendered":"<p>Aqu\u00ed puedes ver algunas de nuestras im\u00e1genes, tanto de campa\u00f1as realizadas en la calle como virtuales.<\/p>\n","protected":false},"author":1,"featured_media":0,"parent":0,"menu_order":0,"comment_status":"open","ping_status":"open","template":"","meta":{"_monsterinsights_skip_tracking":false,"_monsterinsights_sitenote_active":false,"_monsterinsights_sitenote_note":"","_monsterinsights_sitenote_category":0,"footnotes":""},"class_list":["post-12","page","type-page","status-publish","hentry"],"aioseo_notices":[],"_links":{"self":[{"href":"http:\/\/www.jovenesinconformistas.org\/index.php?rest_route=\/wp\/v2\/pages\/12","targetHints":{"allow":["GET"]}}],"collection":[{"href":"http:\/\/www.jovenesinconformistas.org\/index.php?rest_route=\/wp\/v2\/pages"}],"about":[{"href":"http:\/\/www.jovenesinconformistas.org\/index.php?rest_route=\/wp\/v2\/types\/page"}],"author":[{"embeddable":true,"href":"http:\/\/www.jovenesinconformistas.org\/index.php?rest_route=\/wp\/v2\/users\/1"}],"replies":[{"embeddable":true,"href":"http:\/\/www.jovenesinconformistas.org\/index.php?rest_route=%2Fwp%2Fv2%2Fcomments&post=12"}],"version-history":[{"count":0,"href":"http:\/\/www.jovenesinconformistas.org\/index.php?rest_route=\/wp\/v2\/pages\/12\/revisions"}],"wp:attachment":[{"href":"http:\/\/www.jovenesinconformistas.org\/index.php?rest_route=%2Fwp%2Fv2%2Fmedia&parent=12"}],"curies":[{"name":"wp","href":"https:\/\/api.w.org\/{rel}","templated":true}]}}